{"id":34,"date":"2021-09-22T13:19:04","date_gmt":"2021-09-22T13:19:04","guid":{"rendered":"https:\/\/tops.com.br\/site\/?page_id=34"},"modified":"2024-12-09T15:28:48","modified_gmt":"2024-12-09T15:28:48","slug":"politica-de-privacidade","status":"publish","type":"page","link":"https:\/\/tops.com.br\/site\/?page_id=34","title":{"rendered":"Pol\u00edtica de Privacidade"},"content":{"rendered":"<h2><span style=\"color: #000000;\">Todos os direitos reservados.<\/span><\/h2>\n<p><span style=\"color: #000000;\">Todas as imagens e textos encontrados neste site, foram criadas ou s\u00e3o fotos copiadas da Internet por dom\u00ednio p\u00fablico ou pela <a style=\"color: #000000;\" href=\"https:\/\/br.creativecommons.org\/\" target=\"_blank\" rel=\"noopener noreferrer\">Creative Commons.<\/a><\/span><\/p>\n<p><span style=\"color: #000000;\">Em nosso site caso seja permitido a publica\u00e7\u00e3o de coment\u00e1rios, estaremos armazenando pelo tempo de publica\u00e7\u00e3o de seu coment\u00e1rio seu nome, dados geogr\u00e1ficos como sua localiza\u00e7\u00e3o e\u00a0 seu IP e dados utilizados para login, no intuito de manter sua identifica\u00e7\u00e3o, estes dados permanecer\u00e3o armazenados em nosso banco de dados, at\u00e9 que a publica\u00e7\u00e3o seja exclu\u00edda ou o seu coment\u00e1rio seja apagado, por voc\u00ea ou pelo administrador do site.<\/span><\/p>\n<p><span style=\"color: #000000;\">Em hip\u00f3tese alguma estes dados ser\u00e3o compartilhados com terceiros ou at\u00e9 mesmo divulgados em p\u00fablico.<\/span><\/p>\n<p><span style=\"color: #000000;\">Nosso site utiliza cookies que possuem validade de 24hs, armazenando os locais que voc\u00ea visitou e suas intera\u00e7\u00f5es quando houverem, ap\u00f3s este per\u00edodo, os cookies s\u00e3o exclu\u00eddos.<\/span><\/p>\n<p style=\"text-align: center;\"><strong><span style=\"color: #000000;\">\u00c9 expressamente proibido o uso e\/ou compartilhamento de imagens com os logos,<\/span><\/strong><\/p>\n<p style=\"text-align: center;\"><strong><span style=\"color: #000000;\">ou imagens que representem ou mostram nossa empresa.<\/span><\/strong><\/p>\n<p>&nbsp;<\/p>\n<p style=\"text-align: center;\"><span style=\"color: #000000;\"><strong>Qualquer outra imagem e texto podem ser compartilhadas e\/ou copiadas desde que citado a fonte e o site.<\/strong><\/span><\/p>\n<p>&nbsp;<\/p>\n<p><span style=\"color: #000000;\">Caso voc\u00ea encontre alguma imagem, texto que seja de seu dom\u00ednio, ou possua direitos autorais, entre em contato com contato@tops.com.br e informe a p\u00e1gina e as informa\u00e7\u00f5es pertinentes que iremos remover imediatamente.<\/span><\/p>\n","protected":false},"excerpt":{"rendered":"<p>Todos os direitos reservados. Todas as imagens e textos encontrados neste site, foram criadas ou s\u00e3o fotos copiadas da Internet por dom\u00ednio p\u00fablico ou pela Creative Commons. Em nosso site caso seja permitido a publica\u00e7\u00e3o de coment\u00e1rios, estaremos armazenando pelo tempo de publica\u00e7\u00e3o de seu coment\u00e1rio seu nome, dados geogr\u00e1ficos como sua localiza\u00e7\u00e3o e\u00a0 seu [&hellip;]<\/p>\n","protected":false},"author":1,"featured_media":0,"parent":0,"menu_order":0,"comment_status":"closed","ping_status":"closed","template":"","meta":{"footnotes":""},"class_list":["post-34","page","type-page","status-publish","hentry"],"_links":{"self":[{"href":"https:\/\/tops.com.br\/site\/index.php?rest_route=\/wp\/v2\/pages\/34","targetHints":{"allow":["GET"]}}],"collection":[{"href":"https:\/\/tops.com.br\/site\/index.php?rest_route=\/wp\/v2\/pages"}],"about":[{"href":"https:\/\/tops.com.br\/site\/index.php?rest_route=\/wp\/v2\/types\/page"}],"author":[{"embeddable":true,"href":"https:\/\/tops.com.br\/site\/index.php?rest_route=\/wp\/v2\/users\/1"}],"replies":[{"embeddable":true,"href":"https:\/\/tops.com.br\/site\/index.php?rest_route=%2Fwp%2Fv2%2Fcomments&post=34"}],"version-history":[{"count":4,"href":"https:\/\/tops.com.br\/site\/index.php?rest_route=\/wp\/v2\/pages\/34\/revisions"}],"predecessor-version":[{"id":242,"href":"https:\/\/tops.com.br\/site\/index.php?rest_route=\/wp\/v2\/pages\/34\/revisions\/242"}],"wp:attachment":[{"href":"https:\/\/tops.com.br\/site\/index.php?rest_route=%2Fwp%2Fv2%2Fmedia&parent=34"}],"curies":[{"name":"wp","href":"https:\/\/api.w.org\/{rel}","templated":true}]}}